{"id":73,"date":"2018-06-22T18:42:16","date_gmt":"2018-06-22T18:42:16","guid":{"rendered":"http:\/\/fiestadelasmarias.com\/guia\/?page_id=73"},"modified":"2018-07-24T21:46:24","modified_gmt":"2018-07-24T21:46:24","slug":"galeria","status":"publish","type":"page","link":"https:\/\/fiestadelasmarias.com\/guia\/galeria\/","title":{"rendered":"NOTICIERO"},"content":{"rendered":"\t\t<div data-elementor-type=\"wp-post\" data-elementor-id=\"73\" class=\"elementor elementor-73 elementor-bc-flex-widget\" data-elementor-post-type=\"page\">\n\t\t\t\t\t\t<section class=\"elementor-section elementor-top-section elementor-element elementor-element-268432b elementor-section-stretched elementor-section-full_width animated-slow elementor-section-height-default elementor-section-height-default elementor-invisible\" data-id=\"268432b\" data-element_type=\"section\" data-e-type=\"section\" data-settings=\"{&quot;stretch_section&quot;:&quot;section-stretched&quot;,&quot;animation&quot;:&quot;fadeIn&quot;}\">\n\t\t\t\t\t\t<div class=\"elementor-container elementor-column-gap-default\">\n\t\t\t\t\t<div class=\"elementor-column elementor-col-100 elementor-top-column elementor-element elementor-element-09dc587\" data-id=\"09dc587\" data-element_type=\"column\" data-e-type=\"column\">\n\t\t\t<div class=\"elementor-widget-wrap elementor-element-populated\">\n\t\t\t\t\t\t<div class=\"elementor-element elementor-element-4fb7013 elementor-widget elementor-widget-image\" data-id=\"4fb7013\" data-element_type=\"widget\" data-e-type=\"widget\" data-widget_type=\"image.default\">\n\t\t\t\t<div class=\"elementor-widget-container\">\n\t\t\t\t\t\t\t\t\t\t\t\t\t\t\t<img fetchpriority=\"high\" decoding=\"async\" width=\"1918\" height=\"352\" src=\"https:\/\/fiestadelasmarias.com\/guia\/wp-content\/uploads\/2018\/06\/cab_noticiero-1.jpg\" class=\"attachment-full size-full wp-image-441\" alt=\"\" srcset=\"https:\/\/fiestadelasmarias.com\/guia\/wp-content\/uploads\/2018\/06\/cab_noticiero-1.jpg 1918w, https:\/\/fiestadelasmarias.com\/guia\/wp-content\/uploads\/2018\/06\/cab_noticiero-1-300x55.jpg 300w, https:\/\/fiestadelasmarias.com\/guia\/wp-content\/uploads\/2018\/06\/cab_noticiero-1-768x141.jpg 768w, https:\/\/fiestadelasmarias.com\/guia\/wp-content\/uploads\/2018\/06\/cab_noticiero-1-1024x188.jpg 1024w\" sizes=\"(max-width: 1918px) 100vw, 1918px\" \/>\t\t\t\t\t\t\t\t\t\t\t\t\t\t\t<\/div>\n\t\t\t\t<\/div>\n\t\t\t\t\t<\/div>\n\t\t<\/div>\n\t\t\t\t\t<\/div>\n\t\t<\/section>\n\t\t\t\t<section class=\"elementor-section elementor-top-section elementor-element elementor-element-6034b21 elementor-section-boxed elementor-section-height-default elementor-section-height-default\" data-id=\"6034b21\" data-element_type=\"section\" data-e-type=\"section\">\n\t\t\t\t\t\t<div class=\"elementor-container elementor-column-gap-default\">\n\t\t\t\t\t<div class=\"elementor-column elementor-col-100 elementor-top-column elementor-element elementor-element-9765d87\" data-id=\"9765d87\" data-element_type=\"column\" data-e-type=\"column\">\n\t\t\t<div class=\"elementor-widget-wrap elementor-element-populated\">\n\t\t\t\t\t\t<div class=\"elementor-element elementor-element-8dd2edb elementor-grid-1 elementor-posts--align-center elementor-grid-tablet-1 elementor-grid-mobile-1 elementor-posts--thumbnail-top elementor-widget elementor-widget-posts\" data-id=\"8dd2edb\" data-element_type=\"widget\" data-e-type=\"widget\" data-settings=\"{&quot;classic_columns&quot;:&quot;1&quot;,&quot;pagination_type&quot;:&quot;numbers_and_prev_next&quot;,&quot;classic_columns_tablet&quot;:&quot;1&quot;,&quot;classic_columns_mobile&quot;:&quot;1&quot;,&quot;classic_row_gap&quot;:{&quot;unit&quot;:&quot;px&quot;,&quot;size&quot;:35,&quot;sizes&quot;:[]},&quot;classic_row_gap_tablet&quot;:{&quot;unit&quot;:&quot;px&quot;,&quot;size&quot;:&quot;&quot;,&quot;sizes&quot;:[]},&quot;classic_row_gap_mobile&quot;:{&quot;unit&quot;:&quot;px&quot;,&quot;size&quot;:&quot;&quot;,&quot;sizes&quot;:[]}}\" data-widget_type=\"posts.classic\">\n\t\t\t\t<div class=\"elementor-widget-container\">\n\t\t\t\t\t\t\t<div class=\"elementor-posts-container elementor-posts elementor-posts--skin-classic elementor-grid\" role=\"list\">\n\t\t\t\t<article class=\"elementor-post elementor-grid-item post-875 post type-post status-publish format-standard has-post-thumbnail hentry category-sin-categoria resize-featured-image\" role=\"listitem\">\n\t\t\t\t<a class=\"elementor-post__thumbnail__link\" href=\"https:\/\/fiestadelasmarias.com\/guia\/agradecimiento-mayordomos-de-las-marias\/\" tabindex=\"-1\" >\n\t\t\t<div class=\"elementor-post__thumbnail\"><img decoding=\"async\" width=\"293\" height=\"285\" src=\"https:\/\/fiestadelasmarias.com\/guia\/wp-content\/uploads\/2022\/09\/Captura-de-pantalla-2022-09-23-a-las-21.58.11.png\" class=\"attachment-large size-large wp-image-763\" alt=\"\" \/><\/div>\n\t\t<\/a>\n\t\t\t\t<div class=\"elementor-post__text\">\n\t\t\t\t<h3 class=\"elementor-post__title\">\n\t\t\t<a href=\"https:\/\/fiestadelasmarias.com\/guia\/agradecimiento-mayordomos-de-las-marias\/\" >\n\t\t\t\tAgradecimiento Mayordomos de Las Marias\t\t\t<\/a>\n\t\t<\/h3>\n\t\t\t\t<div class=\"elementor-post__excerpt\">\n\t\t\t<p>Por medio de la presente, Los Mayordomos de la Fiesta de Las Mar\u00edas de Gu\u00eda de Gran Canaria, quieren agradecer a todos los participantes en esta 214 edici\u00f3n del cumplimiento del Voto de Vergara, que se ha celebrado en estos d\u00edas en nuestro municipio, su ejemplar comportamiento y colaboraci\u00f3n. Tambi\u00e9n agradecen profundamente a todos sus benefactores la ayuda econ\u00f3mica recibida.<\/p>\n\t\t<\/div>\n\t\t\n\t\t<a class=\"elementor-post__read-more\" href=\"https:\/\/fiestadelasmarias.com\/guia\/agradecimiento-mayordomos-de-las-marias\/\" aria-label=\"M\u00e1s informaci\u00f3n sobre Agradecimiento Mayordomos de Las Marias\" tabindex=\"-1\" >\n\t\t\tLEER M\u00c1S\t\t<\/a>\n\n\t\t\t\t<\/div>\n\t\t\t\t<\/article>\n\t\t\t\t<article class=\"elementor-post elementor-grid-item post-872 post type-post status-publish format-standard has-post-thumbnail hentry category-sin-categoria resize-featured-image\" role=\"listitem\">\n\t\t\t\t<a class=\"elementor-post__thumbnail__link\" href=\"https:\/\/fiestadelasmarias.com\/guia\/ganador-sorteo-2025\/\" tabindex=\"-1\" >\n\t\t\t<div class=\"elementor-post__thumbnail\"><img decoding=\"async\" width=\"645\" height=\"507\" src=\"https:\/\/fiestadelasmarias.com\/guia\/wp-content\/uploads\/2025\/09\/Captura-de-pantalla-2025-10-08-a-las-11.19.11.png\" class=\"attachment-large size-large wp-image-879\" alt=\"\" srcset=\"https:\/\/fiestadelasmarias.com\/guia\/wp-content\/uploads\/2025\/09\/Captura-de-pantalla-2025-10-08-a-las-11.19.11.png 645w, https:\/\/fiestadelasmarias.com\/guia\/wp-content\/uploads\/2025\/09\/Captura-de-pantalla-2025-10-08-a-las-11.19.11-300x236.png 300w\" sizes=\"(max-width: 645px) 100vw, 645px\" \/><\/div>\n\t\t<\/a>\n\t\t\t\t<div class=\"elementor-post__text\">\n\t\t\t\t<h3 class=\"elementor-post__title\">\n\t\t\t<a href=\"https:\/\/fiestadelasmarias.com\/guia\/ganador-sorteo-2025\/\" >\n\t\t\t\tGanador sorteo 2025\t\t\t<\/a>\n\t\t<\/h3>\n\t\t\t\t<div class=\"elementor-post__excerpt\">\n\t\t\t<p>El n\u00famero agraciado en el sorteo realizado el pasado domingo d\u00eda 21 de septiembre a las 19:00 horas en la plaza grande de Gu\u00eda ha sido el 12405.<\/p>\n\t\t<\/div>\n\t\t\n\t\t<a class=\"elementor-post__read-more\" href=\"https:\/\/fiestadelasmarias.com\/guia\/ganador-sorteo-2025\/\" aria-label=\"M\u00e1s informaci\u00f3n sobre Ganador sorteo 2025\" tabindex=\"-1\" >\n\t\t\tLEER M\u00c1S\t\t<\/a>\n\n\t\t\t\t<\/div>\n\t\t\t\t<\/article>\n\t\t\t\t<article class=\"elementor-post elementor-grid-item post-851 post type-post status-publish format-standard has-post-thumbnail hentry category-sin-categoria resize-featured-image\" role=\"listitem\">\n\t\t\t\t<a class=\"elementor-post__thumbnail__link\" href=\"https:\/\/fiestadelasmarias.com\/guia\/con-el-fin-de-sufragar-los-costes-de-esta-votiva-fiesta-los-mayordomos-de-las-marias-han-puesto-a-la-venta-botellas-mochilas-camisetas-y-gorras\/\" tabindex=\"-1\" >\n\t\t\t<div class=\"elementor-post__thumbnail\"><img loading=\"lazy\" decoding=\"async\" width=\"576\" height=\"1024\" src=\"https:\/\/fiestadelasmarias.com\/guia\/wp-content\/uploads\/2025\/08\/camisetas-2025-576x1024.jpg\" class=\"attachment-large size-large wp-image-853\" alt=\"\" srcset=\"https:\/\/fiestadelasmarias.com\/guia\/wp-content\/uploads\/2025\/08\/camisetas-2025-576x1024.jpg 576w, https:\/\/fiestadelasmarias.com\/guia\/wp-content\/uploads\/2025\/08\/camisetas-2025-169x300.jpg 169w, https:\/\/fiestadelasmarias.com\/guia\/wp-content\/uploads\/2025\/08\/camisetas-2025.jpg 720w\" sizes=\"(max-width: 576px) 100vw, 576px\" \/><\/div>\n\t\t<\/a>\n\t\t\t\t<div class=\"elementor-post__text\">\n\t\t\t\t<h3 class=\"elementor-post__title\">\n\t\t\t<a href=\"https:\/\/fiestadelasmarias.com\/guia\/con-el-fin-de-sufragar-los-costes-de-esta-votiva-fiesta-los-mayordomos-de-las-marias-han-puesto-a-la-venta-botellas-mochilas-camisetas-y-gorras\/\" >\n\t\t\t\tCon el fin de sufragar los costes de esta votiva fiesta, los Mayordomos de las Mar\u00edas han puesto a la venta botellas, mochilas, camisetas y gorras.\t\t\t<\/a>\n\t\t<\/h3>\n\t\t\t\t<div class=\"elementor-post__excerpt\">\n\t\t\t<p>Todo el dinero que se obtenga estar\u00e1 destinado \u00edntegramente a costear los gastos de la fiesta. Puntos de venta: \u00b7 Mercer\u00eda y Ropas T\u00edpicas Cruci &#8211; C\/ Marqu\u00e9s del Muni 19 \u00b7 Ferreter\u00eda Las Huertas &#8211; c\/ Alcalde Jos\u00e9 Carlos Glez. 1 \u00b7 SPAR La Atalaya &#8211; c\/ Donoso Cort\u00e9s 22 \u00b7 Disliber &#8211; c\/ Marqu\u00e9s del muni 23 \u00b7<\/p>\n\t\t<\/div>\n\t\t\n\t\t<a class=\"elementor-post__read-more\" href=\"https:\/\/fiestadelasmarias.com\/guia\/con-el-fin-de-sufragar-los-costes-de-esta-votiva-fiesta-los-mayordomos-de-las-marias-han-puesto-a-la-venta-botellas-mochilas-camisetas-y-gorras\/\" aria-label=\"M\u00e1s informaci\u00f3n sobre Con el fin de sufragar los costes de esta votiva fiesta, los Mayordomos de las Mar\u00edas han puesto a la venta botellas, mochilas, camisetas y gorras.\" tabindex=\"-1\" >\n\t\t\tLEER M\u00c1S\t\t<\/a>\n\n\t\t\t\t<\/div>\n\t\t\t\t<\/article>\n\t\t\t\t<\/div>\n\t\t\n\t\t\t\t\t\t<\/div>\n\t\t\t\t<\/div>\n\t\t\t\t\t<\/div>\n\t\t<\/div>\n\t\t\t\t\t<\/div>\n\t\t<\/section>\n\t\t\t\t<\/div>\n\t\t","protected":false},"excerpt":{"rendered":"","protected":false},"author":1,"featured_media":0,"parent":0,"menu_order":0,"comment_status":"closed","ping_status":"closed","template":"","meta":{"generate_page_header":"","footnotes":""},"class_list":["post-73","page","type-page","status-publish","hentry","resize-featured-image"],"_links":{"self":[{"href":"https:\/\/fiestadelasmarias.com\/guia\/wp-json\/wp\/v2\/pages\/73","targetHints":{"allow":["GET"]}}],"collection":[{"href":"https:\/\/fiestadelasmarias.com\/guia\/wp-json\/wp\/v2\/pages"}],"about":[{"href":"https:\/\/fiestadelasmarias.com\/guia\/wp-json\/wp\/v2\/types\/page"}],"author":[{"embeddable":true,"href":"https:\/\/fiestadelasmarias.com\/guia\/wp-json\/wp\/v2\/users\/1"}],"replies":[{"embeddable":true,"href":"https:\/\/fiestadelasmarias.com\/guia\/wp-json\/wp\/v2\/comments?post=73"}],"version-history":[{"count":15,"href":"https:\/\/fiestadelasmarias.com\/guia\/wp-json\/wp\/v2\/pages\/73\/revisions"}],"predecessor-version":[{"id":578,"href":"https:\/\/fiestadelasmarias.com\/guia\/wp-json\/wp\/v2\/pages\/73\/revisions\/578"}],"wp:attachment":[{"href":"https:\/\/fiestadelasmarias.com\/guia\/wp-json\/wp\/v2\/media?parent=73"}],"curies":[{"name":"wp","href":"https:\/\/api.w.org\/{rel}","templated":true}]}}