{"id":426,"date":"2018-07-19T11:10:58","date_gmt":"2018-07-19T11:10:58","guid":{"rendered":"http:\/\/fiestadelasmarias.com\/guia\/?page_id=426"},"modified":"2018-07-24T22:40:27","modified_gmt":"2018-07-24T22:40:27","slug":"la-rama","status":"publish","type":"page","link":"https:\/\/fiestadelasmarias.com\/guia\/la-rama\/","title":{"rendered":"La Rama"},"content":{"rendered":"\t\t<div data-elementor-type=\"wp-page\" data-elementor-id=\"426\" class=\"elementor elementor-426 elementor-bc-flex-widget\" data-elementor-post-type=\"page\">\n\t\t\t\t\t\t<section class=\"elementor-section elementor-top-section elementor-element elementor-element-44b0ce9f elementor-section-content-middle elementor-section-full_width elementor-reverse-mobile elementor-section-stretched elementor-section-height-default elementor-section-height-default\" data-id=\"44b0ce9f\" data-element_type=\"section\" data-e-type=\"section\" data-settings=\"{&quot;background_background&quot;:&quot;none&quot;,&quot;stretch_section&quot;:&quot;section-stretched&quot;}\">\n\t\t\t\t\t\t<div class=\"elementor-container elementor-column-gap-no\">\n\t\t\t\t\t<div class=\"elementor-column elementor-col-100 elementor-top-column elementor-element elementor-element-124d2136\" data-id=\"124d2136\" data-element_type=\"column\" data-e-type=\"column\" data-settings=\"{&quot;background_background&quot;:&quot;gradient&quot;}\">\n\t\t\t<div class=\"elementor-widget-wrap elementor-element-populated\">\n\t\t\t\t\t\t<div class=\"elementor-element elementor-element-4e8fb332 animated-slow elementor-invisible elementor-widget elementor-widget-image\" data-id=\"4e8fb332\" data-element_type=\"widget\" data-e-type=\"widget\" data-settings=\"{&quot;_animation&quot;:&quot;fadeIn&quot;}\" data-widget_type=\"image.default\">\n\t\t\t\t<div class=\"elementor-widget-container\">\n\t\t\t\t\t\t\t\t\t\t\t\t\t\t\t<img fetchpriority=\"high\" decoding=\"async\" width=\"1920\" height=\"478\" src=\"https:\/\/fiestadelasmarias.com\/guia\/wp-content\/uploads\/2018\/07\/cab_rama.jpg\" class=\"attachment-full size-full wp-image-429\" alt=\"\" srcset=\"https:\/\/fiestadelasmarias.com\/guia\/wp-content\/uploads\/2018\/07\/cab_rama.jpg 1920w, https:\/\/fiestadelasmarias.com\/guia\/wp-content\/uploads\/2018\/07\/cab_rama-300x75.jpg 300w, https:\/\/fiestadelasmarias.com\/guia\/wp-content\/uploads\/2018\/07\/cab_rama-768x191.jpg 768w, https:\/\/fiestadelasmarias.com\/guia\/wp-content\/uploads\/2018\/07\/cab_rama-1024x255.jpg 1024w\" sizes=\"(max-width: 1920px) 100vw, 1920px\" \/>\t\t\t\t\t\t\t\t\t\t\t\t\t\t\t<\/div>\n\t\t\t\t<\/div>\n\t\t\t\t\t<\/div>\n\t\t<\/div>\n\t\t\t\t\t<\/div>\n\t\t<\/section>\n\t\t\t\t<section class=\"elementor-section elementor-top-section elementor-element elementor-element-45e9b174 elementor-section-content-middle elementor-section-full_width elementor-reverse-mobile elementor-section-stretched elementor-section-height-default elementor-section-height-default\" data-id=\"45e9b174\" data-element_type=\"section\" data-e-type=\"section\" data-settings=\"{&quot;background_background&quot;:&quot;none&quot;,&quot;stretch_section&quot;:&quot;section-stretched&quot;}\">\n\t\t\t\t\t\t<div class=\"elementor-container elementor-column-gap-no\">\n\t\t\t\t\t<div class=\"elementor-column elementor-col-50 elementor-top-column elementor-element elementor-element-22ca77cb\" data-id=\"22ca77cb\" data-element_type=\"column\" data-e-type=\"column\" data-settings=\"{&quot;background_background&quot;:&quot;classic&quot;}\">\n\t\t\t<div class=\"elementor-widget-wrap elementor-element-populated\">\n\t\t\t\t\t\t<div class=\"elementor-element elementor-element-45ac4dbd animated-slow elementor-invisible elementor-widget elementor-widget-text-editor\" data-id=\"45ac4dbd\" data-element_type=\"widget\" data-e-type=\"widget\" data-settings=\"{&quot;_animation&quot;:&quot;fadeIn&quot;}\" data-widget_type=\"text-editor.default\">\n\t\t\t\t<div class=\"elementor-widget-container\">\n\t\t\t\t\t\t\t\t\t<p>La actual Bajada de La Rama repite el trayecto que originalmente hicieron los campesinos de las Median\u00edas y Altos guienses, junto con campesinos de G\u00e1ldar y Moya, para suplicar juntos a la Virgen de Gu\u00eda el final de la tan terrible plaga de langostas que asolaba sus campos. Reunidos todos en la Monta\u00f1a de Vergara, descendieron juntos jaleando ramas, tronando sus bucios, golpeando sus tambores, ollas y cacerolas, junto a hogueras que hac\u00edan los vecinos para, entre todo este estruendo, espantar a las ansiosas langostas. Al llegar al templo parroquial de Santa Mar\u00eda de Gu\u00eda, rogaron y suplicaron a la Virgen que pusiese fin a tan pavoroso desastre. Ante tan humilde y sincera petici\u00f3n, la Virgen provoc\u00f3 la lluvia, y con \u00e9sta, lleg\u00f3 el anhelado final de tan terrible cat\u00e1strofe; el ruego y la s\u00faplica, se convirti\u00f3 en franca gratitud y, de esta manera, naci\u00f3 la promesa perpetua de bajar cada a\u00f1o desde Vergara hasta la Iglesia matriz a ofrecer con alegr\u00eda y regocijo, y como tributo de sincero reconocimiento hacia Nuestra Se\u00f1ora de Gu\u00eda, los frutos de sus trabajos y afanes.<\/p>\t\t\t\t\t\t\t\t<\/div>\n\t\t\t\t<\/div>\n\t\t\t\t\t<\/div>\n\t\t<\/div>\n\t\t\t\t<div class=\"elementor-column elementor-col-50 elementor-top-column elementor-element elementor-element-7f17364 animated-slow elementor-invisible\" data-id=\"7f17364\" data-element_type=\"column\" data-e-type=\"column\" data-settings=\"{&quot;background_background&quot;:&quot;classic&quot;,&quot;animation&quot;:&quot;slideInRight&quot;}\">\n\t\t\t<div class=\"elementor-widget-wrap elementor-element-populated\">\n\t\t\t\t\t<div class=\"elementor-background-overlay\"><\/div>\n\t\t\t\t\t\t<div class=\"elementor-element elementor-element-36c30a44 elementor-widget elementor-widget-spacer\" data-id=\"36c30a44\" data-element_type=\"widget\" data-e-type=\"widget\" data-widget_type=\"spacer.default\">\n\t\t\t\t<div class=\"elementor-widget-container\">\n\t\t\t\t\t\t\t<div class=\"elementor-spacer\">\n\t\t\t<div class=\"elementor-spacer-inner\"><\/div>\n\t\t<\/div>\n\t\t\t\t\t\t<\/div>\n\t\t\t\t<\/div>\n\t\t\t\t\t<\/div>\n\t\t<\/div>\n\t\t\t\t\t<\/div>\n\t\t<\/section>\n\t\t\t\t<section class=\"elementor-section elementor-top-section elementor-element elementor-element-701d3c80 elementor-section-content-middle elementor-section-full_width elementor-section-stretched elementor-section-height-default elementor-section-height-default\" data-id=\"701d3c80\" data-element_type=\"section\" data-e-type=\"section\" data-settings=\"{&quot;background_background&quot;:&quot;classic&quot;,&quot;stretch_section&quot;:&quot;section-stretched&quot;}\">\n\t\t\t\t\t\t<div class=\"elementor-container elementor-column-gap-no\">\n\t\t\t\t\t<div class=\"elementor-column elementor-col-50 elementor-top-column elementor-element elementor-element-316ae0b1 animated-slow elementor-invisible\" data-id=\"316ae0b1\" data-element_type=\"column\" data-e-type=\"column\" data-settings=\"{&quot;background_background&quot;:&quot;classic&quot;,&quot;animation&quot;:&quot;slideInLeft&quot;}\">\n\t\t\t<div class=\"elementor-widget-wrap elementor-element-populated\">\n\t\t\t\t\t\t<div class=\"elementor-element elementor-element-d28757a elementor-widget elementor-widget-spacer\" data-id=\"d28757a\" data-element_type=\"widget\" data-e-type=\"widget\" data-widget_type=\"spacer.default\">\n\t\t\t\t<div class=\"elementor-widget-container\">\n\t\t\t\t\t\t\t<div class=\"elementor-spacer\">\n\t\t\t<div class=\"elementor-spacer-inner\"><\/div>\n\t\t<\/div>\n\t\t\t\t\t\t<\/div>\n\t\t\t\t<\/div>\n\t\t\t\t\t<\/div>\n\t\t<\/div>\n\t\t\t\t<div class=\"elementor-column elementor-col-50 elementor-top-column elementor-element elementor-element-7d7b04ee\" data-id=\"7d7b04ee\" data-element_type=\"column\" data-e-type=\"column\">\n\t\t\t<div class=\"elementor-widget-wrap elementor-element-populated\">\n\t\t\t\t\t\t<div class=\"elementor-element elementor-element-2fc7f31e animated-slow elementor-invisible elementor-widget elementor-widget-text-editor\" data-id=\"2fc7f31e\" data-element_type=\"widget\" data-e-type=\"widget\" data-settings=\"{&quot;_animation&quot;:&quot;fadeIn&quot;}\" data-widget_type=\"text-editor.default\">\n\t\t\t\t<div class=\"elementor-widget-container\">\n\t\t\t\t\t\t\t\t\t<p>Para revivir tan bonita costumbre, quienes participan en este hist\u00f3rico reconocimiento, bajan cada a\u00f1o desde la Monta\u00f1a de Vergara portando:<\/p><p>Un ramo de \u00e1rbol (pino o eucalipto principalmente). Se procura adornar de flores (poleo, incienso, hinojos, etc\u00e9tera) y frutos del pa\u00eds (pimientos, zanahorias, uvas\u2026)<\/p><p>Caracolas o bucios, instrumento tan t\u00edpico de esta fiesta, que haci\u00e9ndolos sonar rememoran de esta manera aquella pr\u00e1ctica hist\u00f3rica que se realizaba para espantar a la tan temible langosta.<\/p><p>Tambores o cajas de guerra que tan r\u00edtmica marcha introducen en la bajada y que fueron empleados, al igual que las caracolas, para espantar a la cigarra.<\/p><p>Finalizada la bajada de la Rama, comienza en la plaza grande el Festival de Folclore donde suelen actuar numerosas rondallas y agrupaciones folcl\u00f3ricas de las islas.<\/p>\t\t\t\t\t\t\t\t<\/div>\n\t\t\t\t<\/div>\n\t\t\t\t\t<\/div>\n\t\t<\/div>\n\t\t\t\t\t<\/div>\n\t\t<\/section>\n\t\t\t\t<\/div>\n\t\t","protected":false},"excerpt":{"rendered":"<p>La actual Bajada de La Rama repite el trayecto que originalmente hicieron los campesinos de las Median\u00edas y Altos guienses, junto con campesinos de G\u00e1ldar y Moya, para suplicar juntos a la Virgen de Gu\u00eda el final de la tan terrible plaga de langostas que asolaba sus campos. Reunidos todos en la Monta\u00f1a de Vergara, descendieron juntos jaleando ramas, tronando &#8230; <\/p>\n<p class=\"read-more-container\"><a title=\"La Rama\" class=\"read-more button\" href=\"https:\/\/fiestadelasmarias.com\/guia\/la-rama\/#more-426\" aria-label=\"Leer m\u00e1s sobre La Rama\">LEER M\u00c1S<\/a><\/p>\n","protected":false},"author":1,"featured_media":0,"parent":0,"menu_order":0,"comment_status":"closed","ping_status":"closed","template":"","meta":{"generate_page_header":"","footnotes":""},"class_list":["post-426","page","type-page","status-publish"],"_links":{"self":[{"href":"https:\/\/fiestadelasmarias.com\/guia\/wp-json\/wp\/v2\/pages\/426","targetHints":{"allow":["GET"]}}],"collection":[{"href":"https:\/\/fiestadelasmarias.com\/guia\/wp-json\/wp\/v2\/pages"}],"about":[{"href":"https:\/\/fiestadelasmarias.com\/guia\/wp-json\/wp\/v2\/types\/page"}],"author":[{"embeddable":true,"href":"https:\/\/fiestadelasmarias.com\/guia\/wp-json\/wp\/v2\/users\/1"}],"replies":[{"embeddable":true,"href":"https:\/\/fiestadelasmarias.com\/guia\/wp-json\/wp\/v2\/comments?post=426"}],"version-history":[{"count":9,"href":"https:\/\/fiestadelasmarias.com\/guia\/wp-json\/wp\/v2\/pages\/426\/revisions"}],"predecessor-version":[{"id":606,"href":"https:\/\/fiestadelasmarias.com\/guia\/wp-json\/wp\/v2\/pages\/426\/revisions\/606"}],"wp:attachment":[{"href":"https:\/\/fiestadelasmarias.com\/guia\/wp-json\/wp\/v2\/media?parent=426"}],"curies":[{"name":"wp","href":"https:\/\/api.w.org\/{rel}","templated":true}]}}