{"id":399,"date":"2018-07-19T10:44:36","date_gmt":"2018-07-19T10:44:36","guid":{"rendered":"http:\/\/fiestadelasmarias.com\/guia\/?page_id=399"},"modified":"2018-07-24T22:45:00","modified_gmt":"2018-07-24T22:45:00","slug":"curiosidades","status":"publish","type":"page","link":"https:\/\/fiestadelasmarias.com\/guia\/curiosidades\/","title":{"rendered":"Curiosidades"},"content":{"rendered":"\t\t<div data-elementor-type=\"wp-page\" data-elementor-id=\"399\" class=\"elementor elementor-399 elementor-bc-flex-widget\" data-elementor-post-type=\"page\">\n\t\t\t\t\t\t<section class=\"elementor-section elementor-top-section elementor-element elementor-element-28924be9 elementor-section-content-middle elementor-section-full_width elementor-reverse-mobile elementor-section-stretched elementor-section-height-default elementor-section-height-default\" data-id=\"28924be9\" data-element_type=\"section\" data-e-type=\"section\" data-settings=\"{&quot;background_background&quot;:&quot;none&quot;,&quot;stretch_section&quot;:&quot;section-stretched&quot;}\">\n\t\t\t\t\t\t<div class=\"elementor-container elementor-column-gap-no\">\n\t\t\t\t\t<div class=\"elementor-column elementor-col-100 elementor-top-column elementor-element elementor-element-48bde8cd\" data-id=\"48bde8cd\" data-element_type=\"column\" data-e-type=\"column\" data-settings=\"{&quot;background_background&quot;:&quot;gradient&quot;}\">\n\t\t\t<div class=\"elementor-widget-wrap elementor-element-populated\">\n\t\t\t\t\t\t<div class=\"elementor-element elementor-element-2bd2023a animated-slow elementor-invisible elementor-widget elementor-widget-image\" data-id=\"2bd2023a\" data-element_type=\"widget\" data-e-type=\"widget\" data-settings=\"{&quot;_animation&quot;:&quot;fadeIn&quot;}\" data-widget_type=\"image.default\">\n\t\t\t\t<div class=\"elementor-widget-container\">\n\t\t\t\t\t\t\t\t\t\t\t\t\t\t\t<img fetchpriority=\"high\" decoding=\"async\" width=\"1920\" height=\"478\" src=\"https:\/\/fiestadelasmarias.com\/guia\/wp-content\/uploads\/2018\/07\/cab_curiosidades.jpg\" class=\"attachment-full size-full wp-image-401\" alt=\"\" srcset=\"https:\/\/fiestadelasmarias.com\/guia\/wp-content\/uploads\/2018\/07\/cab_curiosidades.jpg 1920w, https:\/\/fiestadelasmarias.com\/guia\/wp-content\/uploads\/2018\/07\/cab_curiosidades-300x75.jpg 300w, https:\/\/fiestadelasmarias.com\/guia\/wp-content\/uploads\/2018\/07\/cab_curiosidades-768x191.jpg 768w, https:\/\/fiestadelasmarias.com\/guia\/wp-content\/uploads\/2018\/07\/cab_curiosidades-1024x255.jpg 1024w\" sizes=\"(max-width: 1920px) 100vw, 1920px\" \/>\t\t\t\t\t\t\t\t\t\t\t\t\t\t\t<\/div>\n\t\t\t\t<\/div>\n\t\t\t\t\t<\/div>\n\t\t<\/div>\n\t\t\t\t\t<\/div>\n\t\t<\/section>\n\t\t\t\t<section class=\"elementor-section elementor-top-section elementor-element elementor-element-61cf1964 elementor-section-content-middle elementor-section-full_width elementor-reverse-mobile elementor-section-stretched elementor-section-height-default elementor-section-height-default\" data-id=\"61cf1964\" data-element_type=\"section\" data-e-type=\"section\" data-settings=\"{&quot;background_background&quot;:&quot;none&quot;,&quot;stretch_section&quot;:&quot;section-stretched&quot;}\">\n\t\t\t\t\t\t<div class=\"elementor-container elementor-column-gap-no\">\n\t\t\t\t\t<div class=\"elementor-column elementor-col-50 elementor-top-column elementor-element elementor-element-d101d1e\" data-id=\"d101d1e\" data-element_type=\"column\" data-e-type=\"column\" data-settings=\"{&quot;background_background&quot;:&quot;classic&quot;}\">\n\t\t\t<div class=\"elementor-widget-wrap elementor-element-populated\">\n\t\t\t\t\t\t<div class=\"elementor-element elementor-element-309469df animated-slow elementor-invisible elementor-widget elementor-widget-text-editor\" data-id=\"309469df\" data-element_type=\"widget\" data-e-type=\"widget\" data-settings=\"{&quot;_animation&quot;:&quot;fadeIn&quot;}\" data-widget_type=\"text-editor.default\">\n\t\t\t\t<div class=\"elementor-widget-container\">\n\t\t\t\t\t\t\t\t\t<p>El dinero que se necesita para sufragar la fiesta se obtiene por aportaci\u00f3n popular y por aportaci\u00f3n municipal o institucional. Para ello, se realiza un \u201c arco de la fiesta\u201d , consistente en la rifa de alg\u00fan objeto entre los vecinos, realiz\u00e1ndose una postulaci\u00f3n casa por casa. Esto supone que cada vecino siente la fiesta como algo suyo<\/p>\t\t\t\t\t\t\t\t<\/div>\n\t\t\t\t<\/div>\n\t\t\t\t\t<\/div>\n\t\t<\/div>\n\t\t\t\t<div class=\"elementor-column elementor-col-50 elementor-top-column elementor-element elementor-element-7599a5c animated-slow elementor-invisible\" data-id=\"7599a5c\" data-element_type=\"column\" data-e-type=\"column\" data-settings=\"{&quot;background_background&quot;:&quot;classic&quot;,&quot;animation&quot;:&quot;slideInRight&quot;}\">\n\t\t\t<div class=\"elementor-widget-wrap elementor-element-populated\">\n\t\t\t\t\t<div class=\"elementor-background-overlay\"><\/div>\n\t\t\t\t\t\t<div class=\"elementor-element elementor-element-1df25c68 elementor-widget elementor-widget-spacer\" data-id=\"1df25c68\" data-element_type=\"widget\" data-e-type=\"widget\" data-widget_type=\"spacer.default\">\n\t\t\t\t<div class=\"elementor-widget-container\">\n\t\t\t\t\t\t\t<div class=\"elementor-spacer\">\n\t\t\t<div class=\"elementor-spacer-inner\"><\/div>\n\t\t<\/div>\n\t\t\t\t\t\t<\/div>\n\t\t\t\t<\/div>\n\t\t\t\t\t<\/div>\n\t\t<\/div>\n\t\t\t\t\t<\/div>\n\t\t<\/section>\n\t\t\t\t<section class=\"elementor-section elementor-top-section elementor-element elementor-element-a80ee41 elementor-section-content-middle elementor-section-full_width elementor-section-stretched elementor-section-height-default elementor-section-height-default\" data-id=\"a80ee41\" data-element_type=\"section\" data-e-type=\"section\" data-settings=\"{&quot;background_background&quot;:&quot;classic&quot;,&quot;stretch_section&quot;:&quot;section-stretched&quot;}\">\n\t\t\t\t\t\t<div class=\"elementor-container elementor-column-gap-no\">\n\t\t\t\t\t<div class=\"elementor-column elementor-col-50 elementor-top-column elementor-element elementor-element-3e3691f0 elementor-invisible\" data-id=\"3e3691f0\" data-element_type=\"column\" data-e-type=\"column\" data-settings=\"{&quot;background_background&quot;:&quot;classic&quot;,&quot;animation&quot;:&quot;slideInLeft&quot;}\">\n\t\t\t<div class=\"elementor-widget-wrap elementor-element-populated\">\n\t\t\t\t\t\t<div class=\"elementor-element elementor-element-36075d12 elementor-widget elementor-widget-spacer\" data-id=\"36075d12\" data-element_type=\"widget\" data-e-type=\"widget\" data-widget_type=\"spacer.default\">\n\t\t\t\t<div class=\"elementor-widget-container\">\n\t\t\t\t\t\t\t<div class=\"elementor-spacer\">\n\t\t\t<div class=\"elementor-spacer-inner\"><\/div>\n\t\t<\/div>\n\t\t\t\t\t\t<\/div>\n\t\t\t\t<\/div>\n\t\t\t\t\t<\/div>\n\t\t<\/div>\n\t\t\t\t<div class=\"elementor-column elementor-col-50 elementor-top-column elementor-element elementor-element-ff9f1ea\" data-id=\"ff9f1ea\" data-element_type=\"column\" data-e-type=\"column\">\n\t\t\t<div class=\"elementor-widget-wrap elementor-element-populated\">\n\t\t\t\t\t\t<div class=\"elementor-element elementor-element-1548d597 elementor-invisible elementor-widget elementor-widget-text-editor\" data-id=\"1548d597\" data-element_type=\"widget\" data-e-type=\"widget\" data-settings=\"{&quot;_animation&quot;:&quot;fadeIn&quot;}\" data-widget_type=\"text-editor.default\">\n\t\t\t\t<div class=\"elementor-widget-container\">\n\t\t\t\t\t\t\t\t\tLas reuniones de los mayordomos se realizan siempre en la zona de las median\u00edas de Gu\u00eda\t\t\t\t\t\t\t\t<\/div>\n\t\t\t\t<\/div>\n\t\t\t\t\t<\/div>\n\t\t<\/div>\n\t\t\t\t\t<\/div>\n\t\t<\/section>\n\t\t\t\t<section class=\"elementor-section elementor-top-section elementor-element elementor-element-2d53ae04 elementor-section-content-middle elementor-section-full_width elementor-reverse-mobile elementor-section-stretched elementor-section-height-default elementor-section-height-default\" data-id=\"2d53ae04\" data-element_type=\"section\" data-e-type=\"section\" data-settings=\"{&quot;background_background&quot;:&quot;none&quot;,&quot;stretch_section&quot;:&quot;section-stretched&quot;}\">\n\t\t\t\t\t\t<div class=\"elementor-container elementor-column-gap-no\">\n\t\t\t\t\t<div class=\"elementor-column elementor-col-50 elementor-top-column elementor-element elementor-element-1966e426\" data-id=\"1966e426\" data-element_type=\"column\" data-e-type=\"column\" data-settings=\"{&quot;background_background&quot;:&quot;classic&quot;}\">\n\t\t\t<div class=\"elementor-widget-wrap elementor-element-populated\">\n\t\t\t\t\t\t<div class=\"elementor-element elementor-element-2b4b93e3 elementor-invisible elementor-widget elementor-widget-text-editor\" data-id=\"2b4b93e3\" data-element_type=\"widget\" data-e-type=\"widget\" data-settings=\"{&quot;_animation&quot;:&quot;fadeIn&quot;}\" data-widget_type=\"text-editor.default\">\n\t\t\t\t<div class=\"elementor-widget-container\">\n\t\t\t\t\t\t\t\t\t<p>El 13 de diciembre de 1858 el Ayuntamiento de Gu\u00eda solicita al Subgobernador del Distrito cortar la rama en los montes del Estado, el 29 de diciembre se env\u00eda oficio al ayuntamiento de Artenara para que el guarda permita el corte de la rama, y la fiesta se celebra el 2 de enero de 1859, pero es que ese mismo a\u00f1o, el 17 de julio se vuelve a celebrar la Fiesta de las Mar\u00edas. Por tanto, en 1859 se celebraron dos veces Las Mar\u00edas.<\/p>\t\t\t\t\t\t\t\t<\/div>\n\t\t\t\t<\/div>\n\t\t\t\t\t<\/div>\n\t\t<\/div>\n\t\t\t\t<div class=\"elementor-column elementor-col-50 elementor-top-column elementor-element elementor-element-715e4d96 animated-slow elementor-invisible\" data-id=\"715e4d96\" data-element_type=\"column\" data-e-type=\"column\" data-settings=\"{&quot;background_background&quot;:&quot;classic&quot;,&quot;animation&quot;:&quot;slideInRight&quot;}\">\n\t\t\t<div class=\"elementor-widget-wrap elementor-element-populated\">\n\t\t\t\t\t<div class=\"elementor-background-overlay\"><\/div>\n\t\t\t\t\t\t<div class=\"elementor-element elementor-element-69f66cd2 elementor-widget elementor-widget-spacer\" data-id=\"69f66cd2\" data-element_type=\"widget\" data-e-type=\"widget\" data-widget_type=\"spacer.default\">\n\t\t\t\t<div class=\"elementor-widget-container\">\n\t\t\t\t\t\t\t<div class=\"elementor-spacer\">\n\t\t\t<div class=\"elementor-spacer-inner\"><\/div>\n\t\t<\/div>\n\t\t\t\t\t\t<\/div>\n\t\t\t\t<\/div>\n\t\t\t\t\t<\/div>\n\t\t<\/div>\n\t\t\t\t\t<\/div>\n\t\t<\/section>\n\t\t\t\t<section class=\"elementor-section elementor-top-section elementor-element elementor-element-3387618 elementor-section-content-middle elementor-section-full_width elementor-section-stretched elementor-section-height-default elementor-section-height-default\" data-id=\"3387618\" data-element_type=\"section\" data-e-type=\"section\" data-settings=\"{&quot;background_background&quot;:&quot;classic&quot;,&quot;stretch_section&quot;:&quot;section-stretched&quot;}\">\n\t\t\t\t\t\t<div class=\"elementor-container elementor-column-gap-no\">\n\t\t\t\t\t<div class=\"elementor-column elementor-col-50 elementor-top-column elementor-element elementor-element-fa1cf39 elementor-invisible\" data-id=\"fa1cf39\" data-element_type=\"column\" data-e-type=\"column\" data-settings=\"{&quot;background_background&quot;:&quot;classic&quot;,&quot;animation&quot;:&quot;slideInLeft&quot;}\">\n\t\t\t<div class=\"elementor-widget-wrap elementor-element-populated\">\n\t\t\t\t\t\t<div class=\"elementor-element elementor-element-04e9b66 elementor-widget elementor-widget-spacer\" data-id=\"04e9b66\" data-element_type=\"widget\" data-e-type=\"widget\" data-widget_type=\"spacer.default\">\n\t\t\t\t<div class=\"elementor-widget-container\">\n\t\t\t\t\t\t\t<div class=\"elementor-spacer\">\n\t\t\t<div class=\"elementor-spacer-inner\"><\/div>\n\t\t<\/div>\n\t\t\t\t\t\t<\/div>\n\t\t\t\t<\/div>\n\t\t\t\t\t<\/div>\n\t\t<\/div>\n\t\t\t\t<div class=\"elementor-column elementor-col-50 elementor-top-column elementor-element elementor-element-555ccec\" data-id=\"555ccec\" data-element_type=\"column\" data-e-type=\"column\">\n\t\t\t<div class=\"elementor-widget-wrap elementor-element-populated\">\n\t\t\t\t\t\t<div class=\"elementor-element elementor-element-7c65d2d animated-slow elementor-invisible elementor-widget elementor-widget-text-editor\" data-id=\"7c65d2d\" data-element_type=\"widget\" data-e-type=\"widget\" data-settings=\"{&quot;_animation&quot;:&quot;fadeIn&quot;}\" data-widget_type=\"text-editor.default\">\n\t\t\t\t<div class=\"elementor-widget-container\">\n\t\t\t\t\t\t\t\t\t<p>Desde el siglo XVI exist\u00eda en Gu\u00eda un Tercio de Milicias, que en 1708 se transform\u00f3 en Regimiento, con once compa\u00f1\u00edas cada una con 140 hombres, es decir el regimiento de Gu\u00eda estaba formado por 1540 militares. Cada Regimiento contaba con una secci\u00f3n de tambores, de ah\u00ed que en el a\u00f1o 1811 cuando la plaga de langosta, se utilizaran tambores y cajas de guerra para ahuyentar a la cigarra, por lo que desde entonces, estos intrumentos son inseparables de la promesa que cada a\u00f1o se renueva en Gu\u00eda de Gran Canaria.<\/p>\t\t\t\t\t\t\t\t<\/div>\n\t\t\t\t<\/div>\n\t\t\t\t\t<\/div>\n\t\t<\/div>\n\t\t\t\t\t<\/div>\n\t\t<\/section>\n\t\t\t\t<section class=\"elementor-section elementor-top-section elementor-element elementor-element-c115a76 elementor-section-content-middle elementor-section-full_width elementor-reverse-mobile elementor-section-stretched elementor-section-height-default elementor-section-height-default\" data-id=\"c115a76\" data-element_type=\"section\" data-e-type=\"section\" data-settings=\"{&quot;background_background&quot;:&quot;none&quot;,&quot;stretch_section&quot;:&quot;section-stretched&quot;}\">\n\t\t\t\t\t\t<div class=\"elementor-container elementor-column-gap-no\">\n\t\t\t\t\t<div class=\"elementor-column elementor-col-100 elementor-top-column elementor-element elementor-element-b2b3a87\" data-id=\"b2b3a87\" data-element_type=\"column\" data-e-type=\"column\" data-settings=\"{&quot;background_background&quot;:&quot;classic&quot;}\">\n\t\t\t<div class=\"elementor-widget-wrap elementor-element-populated\">\n\t\t\t\t\t\t<div class=\"elementor-element elementor-element-bf34c71 animated-slow elementor-invisible elementor-widget elementor-widget-text-editor\" data-id=\"bf34c71\" data-element_type=\"widget\" data-e-type=\"widget\" data-settings=\"{&quot;_animation&quot;:&quot;fadeIn&quot;}\" data-widget_type=\"text-editor.default\">\n\t\t\t\t<div class=\"elementor-widget-container\">\n\t\t\t\t\t\t\t\t\tEl 30 de septiembre de 1848 el Ayuntamiento celebra una sesi\u00f3n extraordinaria donde acuerda enviar al Obispo Buenaventura Codina el agradecimiento de la corporaci\u00f3n municipal por la visita que realiz\u00f3. \u00bb .. se acord\u00f3 que en atenci\u00f3n a la demostraci\u00f3n de deferencia y gratitud que se ha servido usar con esta villa y sus moradores el Ilmo. Se\u00f1or Obispo de esta Di\u00f3cesis D. Buenaventura Codina, hasta solemnizar la festividad religiosa que se ha celebrado en esta parroquia el 8 del corriente en celebridad del Dulce Nombre de mar\u00eda, promovida la misma que ha sucedido en algunos a\u00f1os anteriores por la fervorosa devoci\u00f3n de sus vecinos y con especialidad de D. Manuel Gonz\u00e1lez Hern\u00e1ndez individuo de este cuerpo, D. Francisco de Quintana Silva, D. Felipe Rivero y otros benem\u00e9ritos ciudadanos que ejecutando prueba de su patriotismo y adhesi\u00f3n al Culto Divino se tomaron a su cargo la direcci\u00f3n y mayordom\u00eda de dicha funci\u00f3n para realizarla con mayor pompa y magnificencia, por lo cual este Ayuntamiento se halla bastante reconocido&#8230; \u00ab. Como ves, se habla de mayordom\u00eda ya en 1848.\t\t\t\t\t\t\t\t<\/div>\n\t\t\t\t<\/div>\n\t\t\t\t\t<\/div>\n\t\t<\/div>\n\t\t\t\t\t<\/div>\n\t\t<\/section>\n\t\t\t\t<section class=\"elementor-section elementor-top-section elementor-element elementor-element-2c6e299 elementor-section-content-middle elementor-section-full_width elementor-section-stretched elementor-section-height-default elementor-section-height-default\" data-id=\"2c6e299\" data-element_type=\"section\" data-e-type=\"section\" data-settings=\"{&quot;background_background&quot;:&quot;classic&quot;,&quot;stretch_section&quot;:&quot;section-stretched&quot;}\">\n\t\t\t\t\t\t<div class=\"elementor-container elementor-column-gap-no\">\n\t\t\t\t\t<div class=\"elementor-column elementor-col-50 elementor-top-column elementor-element elementor-element-21602ba animated-slow elementor-invisible\" data-id=\"21602ba\" data-element_type=\"column\" data-e-type=\"column\" data-settings=\"{&quot;background_background&quot;:&quot;classic&quot;,&quot;animation&quot;:&quot;slideInLeft&quot;}\">\n\t\t\t<div class=\"elementor-widget-wrap elementor-element-populated\">\n\t\t\t\t\t\t<div class=\"elementor-element elementor-element-9e57f7b elementor-widget elementor-widget-spacer\" data-id=\"9e57f7b\" data-element_type=\"widget\" data-e-type=\"widget\" data-widget_type=\"spacer.default\">\n\t\t\t\t<div class=\"elementor-widget-container\">\n\t\t\t\t\t\t\t<div class=\"elementor-spacer\">\n\t\t\t<div class=\"elementor-spacer-inner\"><\/div>\n\t\t<\/div>\n\t\t\t\t\t\t<\/div>\n\t\t\t\t<\/div>\n\t\t\t\t\t<\/div>\n\t\t<\/div>\n\t\t\t\t<div class=\"elementor-column elementor-col-50 elementor-top-column elementor-element elementor-element-28f19c6\" data-id=\"28f19c6\" data-element_type=\"column\" data-e-type=\"column\">\n\t\t\t<div class=\"elementor-widget-wrap elementor-element-populated\">\n\t\t\t\t\t\t<div class=\"elementor-element elementor-element-2872c2e animated-slow elementor-invisible elementor-widget elementor-widget-text-editor\" data-id=\"2872c2e\" data-element_type=\"widget\" data-e-type=\"widget\" data-settings=\"{&quot;_animation&quot;:&quot;fadeIn&quot;}\" data-widget_type=\"text-editor.default\">\n\t\t\t\t<div class=\"elementor-widget-container\">\n\t\t\t\t\t\t\t\t\t<p>Existe un mayordomo que es el encargado de engalanar la fachada de la iglesia y que el sufrago de la misma lo realiza conjuntamente con un vecino de Gu\u00eda de forma an\u00f3nima.<\/p>\t\t\t\t\t\t\t\t<\/div>\n\t\t\t\t<\/div>\n\t\t\t\t\t<\/div>\n\t\t<\/div>\n\t\t\t\t\t<\/div>\n\t\t<\/section>\n\t\t\t\t<section class=\"elementor-section elementor-top-section elementor-element elementor-element-2f1c3c7 elementor-section-content-middle elementor-section-full_width elementor-reverse-mobile elementor-section-stretched elementor-section-height-default elementor-section-height-default\" data-id=\"2f1c3c7\" data-element_type=\"section\" data-e-type=\"section\" data-settings=\"{&quot;background_background&quot;:&quot;none&quot;,&quot;stretch_section&quot;:&quot;section-stretched&quot;}\">\n\t\t\t\t\t\t<div class=\"elementor-container elementor-column-gap-no\">\n\t\t\t\t\t<div class=\"elementor-column elementor-col-50 elementor-top-column elementor-element elementor-element-7760bcc\" data-id=\"7760bcc\" data-element_type=\"column\" data-e-type=\"column\" data-settings=\"{&quot;background_background&quot;:&quot;classic&quot;}\">\n\t\t\t<div class=\"elementor-widget-wrap elementor-element-populated\">\n\t\t\t\t\t\t<div class=\"elementor-element elementor-element-0658a8e animated-slow elementor-invisible elementor-widget elementor-widget-text-editor\" data-id=\"0658a8e\" data-element_type=\"widget\" data-e-type=\"widget\" data-settings=\"{&quot;_animation&quot;:&quot;fadeIn&quot;}\" data-widget_type=\"text-editor.default\">\n\t\t\t\t<div class=\"elementor-widget-container\">\n\t\t\t\t\t\t\t\t\t<p>La fiesta de las Mar\u00edas no se ha celebrado \u00fanicamente en septiembre. En otros a\u00f1os se ha celebrado en otros meses. De los datos extra\u00eddos del Archivo Municipal de Gu\u00eda y del Archivo Parroquial se ha elaborado el siguiente cuadro:<br \/>Celebradas en el mes de septiembre:<br \/>1840,1852,1856,1864,1871,1903,1917,1921,1922,1923,1924,1926 y desde 1929 hasta la fecha actual<br \/>Celebradas el mes octubre:<br \/>1844,1848,1855,1857,1861,1874,1877,1880,1882,1883,1893,1894,1895,1907,1914,1915,1916,1919,1920,1925,1927<br \/>Celebradas en noviembre:<br \/>1854,1860,1867,1881,1891,1892,1902,1911,1928<br \/>Celebradas en el mes de diciembre:<br \/>1858,1890,1901,1913,1918<br \/>El resto de los a\u00f1os no se ha encontrado informaci\u00f3n de momento.<\/p>\t\t\t\t\t\t\t\t<\/div>\n\t\t\t\t<\/div>\n\t\t\t\t\t<\/div>\n\t\t<\/div>\n\t\t\t\t<div class=\"elementor-column elementor-col-50 elementor-top-column elementor-element elementor-element-371a736 animated-slow elementor-invisible\" data-id=\"371a736\" data-element_type=\"column\" data-e-type=\"column\" data-settings=\"{&quot;background_background&quot;:&quot;classic&quot;,&quot;animation&quot;:&quot;slideInRight&quot;}\">\n\t\t\t<div class=\"elementor-widget-wrap elementor-element-populated\">\n\t\t\t\t\t<div class=\"elementor-background-overlay\"><\/div>\n\t\t\t\t\t\t<div class=\"elementor-element elementor-element-a731ec2 elementor-widget elementor-widget-spacer\" data-id=\"a731ec2\" data-element_type=\"widget\" data-e-type=\"widget\" data-widget_type=\"spacer.default\">\n\t\t\t\t<div class=\"elementor-widget-container\">\n\t\t\t\t\t\t\t<div class=\"elementor-spacer\">\n\t\t\t<div class=\"elementor-spacer-inner\"><\/div>\n\t\t<\/div>\n\t\t\t\t\t\t<\/div>\n\t\t\t\t<\/div>\n\t\t\t\t\t<\/div>\n\t\t<\/div>\n\t\t\t\t\t<\/div>\n\t\t<\/section>\n\t\t\t\t<\/div>\n\t\t","protected":false},"excerpt":{"rendered":"<p>El dinero que se necesita para sufragar la fiesta se obtiene por aportaci\u00f3n popular y por aportaci\u00f3n municipal o institucional. Para ello, se realiza un \u201c arco de la fiesta\u201d , consistente en la rifa de alg\u00fan objeto entre los vecinos, realiz\u00e1ndose una postulaci\u00f3n casa por casa. Esto supone que cada vecino siente la fiesta como algo suyo Las reuniones &#8230; <\/p>\n<p class=\"read-more-container\"><a title=\"Curiosidades\" class=\"read-more button\" href=\"https:\/\/fiestadelasmarias.com\/guia\/curiosidades\/#more-399\" aria-label=\"Leer m\u00e1s sobre Curiosidades\">LEER M\u00c1S<\/a><\/p>\n","protected":false},"author":1,"featured_media":0,"parent":0,"menu_order":0,"comment_status":"closed","ping_status":"closed","template":"","meta":{"generate_page_header":"","footnotes":""},"class_list":["post-399","page","type-page","status-publish"],"_links":{"self":[{"href":"https:\/\/fiestadelasmarias.com\/guia\/wp-json\/wp\/v2\/pages\/399","targetHints":{"allow":["GET"]}}],"collection":[{"href":"https:\/\/fiestadelasmarias.com\/guia\/wp-json\/wp\/v2\/pages"}],"about":[{"href":"https:\/\/fiestadelasmarias.com\/guia\/wp-json\/wp\/v2\/types\/page"}],"author":[{"embeddable":true,"href":"https:\/\/fiestadelasmarias.com\/guia\/wp-json\/wp\/v2\/users\/1"}],"replies":[{"embeddable":true,"href":"https:\/\/fiestadelasmarias.com\/guia\/wp-json\/wp\/v2\/comments?post=399"}],"version-history":[{"count":24,"href":"https:\/\/fiestadelasmarias.com\/guia\/wp-json\/wp\/v2\/pages\/399\/revisions"}],"predecessor-version":[{"id":610,"href":"https:\/\/fiestadelasmarias.com\/guia\/wp-json\/wp\/v2\/pages\/399\/revisions\/610"}],"wp:attachment":[{"href":"https:\/\/fiestadelasmarias.com\/guia\/wp-json\/wp\/v2\/media?parent=399"}],"curies":[{"name":"wp","href":"https:\/\/api.w.org\/{rel}","templated":true}]}}