{"id":2,"date":"2018-05-31T16:35:07","date_gmt":"2018-05-31T16:35:07","guid":{"rendered":"http:\/\/fiestadelasmarias.com\/guia\/?page_id=2"},"modified":"2025-08-24T19:27:45","modified_gmt":"2025-08-24T19:27:45","slug":"pagina-ejemplo","status":"publish","type":"page","link":"https:\/\/fiestadelasmarias.com\/guia\/","title":{"rendered":"INICIO"},"content":{"rendered":"\t\t<div data-elementor-type=\"wp-post\" data-elementor-id=\"2\" class=\"elementor elementor-2\" data-elementor-post-type=\"page\">\n\t\t\t\t\t\t<section class=\"elementor-section elementor-top-section elementor-element elementor-element-3cb4a5a6 elementor-section-stretched elementor-section-full_width elementor-section-height-default elementor-section-height-default\" data-id=\"3cb4a5a6\" data-element_type=\"section\" data-e-type=\"section\" data-settings=\"{&quot;background_background&quot;:&quot;classic&quot;,&quot;stretch_section&quot;:&quot;section-stretched&quot;}\">\n\t\t\t\t\t\t<div class=\"elementor-container elementor-column-gap-default\">\n\t\t\t\t\t<div class=\"elementor-column elementor-col-100 elementor-top-column elementor-element elementor-element-4213b674\" data-id=\"4213b674\" data-element_type=\"column\" data-e-type=\"column\">\n\t\t\t<div class=\"elementor-widget-wrap elementor-element-populated\">\n\t\t\t\t\t\t<div class=\"elementor-element elementor-element-b154b5b elementor-widget elementor-widget-shortcode\" data-id=\"b154b5b\" data-element_type=\"widget\" data-e-type=\"widget\" data-widget_type=\"shortcode.default\">\n\t\t\t\t<div class=\"elementor-widget-container\">\n\t\t\t\t\t\t\t<div class=\"elementor-shortcode\">\n\t\t\t<!-- START Slider REVOLUTION SLIDER 6.7.35 --><p class=\"rs-p-wp-fix\"><\/p>\n\t\t\t<rs-module-wrap id=\"rev_slider_1_1_wrapper\" data-source=\"gallery\" style=\"visibility:hidden;background:transparent;padding:0;margin:0px auto;margin-top:0;margin-bottom:0;\">\n\t\t\t\t<rs-module id=\"rev_slider_1_1\" style=\"\" data-version=\"6.7.35\">\n\t\t\t\t\t<rs-slides style=\"overflow: hidden; position: absolute;\">\n\t\t\t\t\t\t<rs-slide style=\"position: absolute;\" data-key=\"rs-1\" data-title=\"Slide\" data-anim=\"adpr:false;\">\n\t\t\t\t\t\t\t<img decoding=\"async\" src=\"\/\/fiestadelasmarias.com\/guia\/wp-content\/plugins\/revslider\/sr6\/assets\/assets\/dummy.png\" alt=\"\" title=\"INICIO\" class=\"rev-slidebg tp-rs-img rs-lazyload\" data-lazyload=\"\/\/fiestadelasmarias.com\/guia\/wp-content\/uploads\/2018\/06\/s1.jpg\" data-no-retina>\n<!--\n\t\t\t\t\t\t\t--><rs-layer\n\t\t\t\t\t\t\t\tid=\"slider-1-slide-1-layer-1\" \n\t\t\t\t\t\t\t\tdata-type=\"image\"\n\t\t\t\t\t\t\t\tdata-rsp_ch=\"on\"\n\t\t\t\t\t\t\t\tdata-xy=\"x:2px;\"\n\t\t\t\t\t\t\t\tdata-text=\"l:22;a:inherit;\"\n\t\t\t\t\t\t\t\tdata-dim=\"w:1920px;h:944px;\"\n\t\t\t\t\t\t\t\tdata-frame_0=\"o:1;tp:600;\"\n\t\t\t\t\t\t\t\tdata-frame_1=\"tp:600;st:0;\"\n\t\t\t\t\t\t\t\tdata-frame_999=\"o:0;tp:600;st:280;sR:-20;\"\n\t\t\t\t\t\t\t\tstyle=\"z-index:5;\"\n\t\t\t\t\t\t\t><img fetchpriority=\"high\" decoding=\"async\" src=\"\/\/fiestadelasmarias.com\/guia\/wp-content\/plugins\/revslider\/sr6\/assets\/assets\/dummy.png\" alt=\"\" class=\"tp-rs-img rs-lazyload\" width=\"1920\" height=\"944\" data-lazyload=\"\/\/fiestadelasmarias.com\/guia\/wp-content\/uploads\/2018\/06\/logo.png\" data-no-retina> \n\t\t\t\t\t\t\t<\/rs-layer><!--\n-->\t\t\t\t\t<\/rs-slide>\n\t\t\t\t\t\t<rs-slide style=\"position: absolute;\" data-key=\"rs-6\" data-title=\"Slide\" data-anim=\"adpr:false;\">\n\t\t\t\t\t\t\t<img decoding=\"async\" src=\"\/\/fiestadelasmarias.com\/guia\/wp-content\/plugins\/revslider\/sr6\/assets\/assets\/dummy.png\" alt=\"\" title=\"INICIO\" class=\"rev-slidebg tp-rs-img rs-lazyload\" data-lazyload=\"\/\/fiestadelasmarias.com\/guia\/wp-content\/uploads\/2018\/06\/s3.jpg\" data-no-retina>\n<!--\n\t\t\t\t\t\t\t--><rs-layer\n\t\t\t\t\t\t\t\tid=\"slider-1-slide-6-layer-1\" \n\t\t\t\t\t\t\t\tdata-type=\"image\"\n\t\t\t\t\t\t\t\tdata-rsp_ch=\"on\"\n\t\t\t\t\t\t\t\tdata-xy=\"x:2px;\"\n\t\t\t\t\t\t\t\tdata-text=\"l:22;a:inherit;\"\n\t\t\t\t\t\t\t\tdata-dim=\"w:1920px;h:944px;\"\n\t\t\t\t\t\t\t\tdata-frame_0=\"tp:600;\"\n\t\t\t\t\t\t\t\tdata-frame_1=\"tp:600;st:0;\"\n\t\t\t\t\t\t\t\tdata-frame_999=\"o:0;tp:600;st:290;sR:-10;\"\n\t\t\t\t\t\t\t\tstyle=\"z-index:5;\"\n\t\t\t\t\t\t\t><img fetchpriority=\"high\" decoding=\"async\" src=\"\/\/fiestadelasmarias.com\/guia\/wp-content\/plugins\/revslider\/sr6\/assets\/assets\/dummy.png\" alt=\"\" class=\"tp-rs-img rs-lazyload\" width=\"1920\" height=\"944\" data-lazyload=\"\/\/fiestadelasmarias.com\/guia\/wp-content\/uploads\/2018\/06\/logo.png\" data-no-retina> \n\t\t\t\t\t\t\t<\/rs-layer><!--\n-->\t\t\t\t\t<\/rs-slide>\n\t\t\t\t\t\t<rs-slide style=\"position: absolute;\" data-key=\"rs-5\" data-title=\"Slide\" data-anim=\"adpr:false;\">\n\t\t\t\t\t\t\t<img decoding=\"async\" src=\"\/\/fiestadelasmarias.com\/guia\/wp-content\/plugins\/revslider\/sr6\/assets\/assets\/dummy.png\" alt=\"\" title=\"INICIO\" class=\"rev-slidebg tp-rs-img rs-lazyload\" data-lazyload=\"\/\/fiestadelasmarias.com\/guia\/wp-content\/uploads\/2018\/06\/s2.jpg\" data-no-retina>\n<!--\n\t\t\t\t\t\t\t--><rs-layer\n\t\t\t\t\t\t\t\tid=\"slider-1-slide-5-layer-1\" \n\t\t\t\t\t\t\t\tdata-type=\"image\"\n\t\t\t\t\t\t\t\tdata-rsp_ch=\"on\"\n\t\t\t\t\t\t\t\tdata-xy=\"x:2px;\"\n\t\t\t\t\t\t\t\tdata-text=\"l:22;a:inherit;\"\n\t\t\t\t\t\t\t\tdata-dim=\"w:1920px;h:944px;\"\n\t\t\t\t\t\t\t\tdata-frame_0=\"tp:600;\"\n\t\t\t\t\t\t\t\tdata-frame_1=\"tp:600;st:0;\"\n\t\t\t\t\t\t\t\tdata-frame_999=\"o:0;tp:600;st:280;sR:-20;\"\n\t\t\t\t\t\t\t\tstyle=\"z-index:5;\"\n\t\t\t\t\t\t\t><img fetchpriority=\"high\" decoding=\"async\" src=\"\/\/fiestadelasmarias.com\/guia\/wp-content\/plugins\/revslider\/sr6\/assets\/assets\/dummy.png\" alt=\"\" class=\"tp-rs-img rs-lazyload\" width=\"1920\" height=\"944\" data-lazyload=\"\/\/fiestadelasmarias.com\/guia\/wp-content\/uploads\/2018\/06\/logo.png\" data-no-retina> \n\t\t\t\t\t\t\t<\/rs-layer><!--\n-->\t\t\t\t\t<\/rs-slide>\n\t\t\t\t\t\t<rs-slide style=\"position: absolute;\" data-key=\"rs-7\" data-title=\"Slide\" data-anim=\"adpr:false;\">\n\t\t\t\t\t\t\t<img decoding=\"async\" src=\"\/\/fiestadelasmarias.com\/guia\/wp-content\/plugins\/revslider\/sr6\/assets\/assets\/dummy.png\" alt=\"\" title=\"INICIO\" class=\"rev-slidebg tp-rs-img rs-lazyload\" data-lazyload=\"\/\/fiestadelasmarias.com\/guia\/wp-content\/uploads\/2018\/06\/s5.jpg\" data-no-retina>\n<!--\n\t\t\t\t\t\t\t--><rs-layer\n\t\t\t\t\t\t\t\tid=\"slider-1-slide-7-layer-1\" \n\t\t\t\t\t\t\t\tdata-type=\"image\"\n\t\t\t\t\t\t\t\tdata-rsp_ch=\"on\"\n\t\t\t\t\t\t\t\tdata-xy=\"x:2px;\"\n\t\t\t\t\t\t\t\tdata-text=\"l:22;a:inherit;\"\n\t\t\t\t\t\t\t\tdata-dim=\"w:1920px;h:944px;\"\n\t\t\t\t\t\t\t\tdata-frame_0=\"tp:600;\"\n\t\t\t\t\t\t\t\tdata-frame_1=\"tp:600;st:0;\"\n\t\t\t\t\t\t\t\tdata-frame_999=\"o:0;tp:600;st:280;sR:-20;\"\n\t\t\t\t\t\t\t\tstyle=\"z-index:5;\"\n\t\t\t\t\t\t\t><img fetchpriority=\"high\" decoding=\"async\" src=\"\/\/fiestadelasmarias.com\/guia\/wp-content\/plugins\/revslider\/sr6\/assets\/assets\/dummy.png\" alt=\"\" class=\"tp-rs-img rs-lazyload\" width=\"1920\" height=\"944\" data-lazyload=\"\/\/fiestadelasmarias.com\/guia\/wp-content\/uploads\/2018\/06\/logo.png\" data-no-retina> \n\t\t\t\t\t\t\t<\/rs-layer><!--\n-->\t\t\t\t\t<\/rs-slide>\n\t\t\t\t\t\t<rs-slide style=\"position: absolute;\" data-key=\"rs-3\" data-title=\"Slide\" data-anim=\"adpr:false;\">\n\t\t\t\t\t\t\t<img decoding=\"async\" src=\"\/\/fiestadelasmarias.com\/guia\/wp-content\/plugins\/revslider\/sr6\/assets\/assets\/dummy.png\" alt=\"\" title=\"INICIO\" class=\"rev-slidebg tp-rs-img rs-lazyload\" data-lazyload=\"\/\/fiestadelasmarias.com\/guia\/wp-content\/uploads\/2018\/06\/s4.jpg\" data-no-retina>\n<!--\n\t\t\t\t\t\t\t--><rs-layer\n\t\t\t\t\t\t\t\tid=\"slider-1-slide-3-layer-1\" \n\t\t\t\t\t\t\t\tdata-type=\"image\"\n\t\t\t\t\t\t\t\tdata-rsp_ch=\"on\"\n\t\t\t\t\t\t\t\tdata-xy=\"x:2px;\"\n\t\t\t\t\t\t\t\tdata-text=\"l:22;a:inherit;\"\n\t\t\t\t\t\t\t\tdata-dim=\"w:1920px;h:944px;\"\n\t\t\t\t\t\t\t\tdata-frame_0=\"tp:600;\"\n\t\t\t\t\t\t\t\tdata-frame_1=\"tp:600;st:0;\"\n\t\t\t\t\t\t\t\tdata-frame_999=\"o:0;tp:600;st:w;sR:2700;\"\n\t\t\t\t\t\t\t\tstyle=\"z-index:5;\"\n\t\t\t\t\t\t\t><img fetchpriority=\"high\" decoding=\"async\" src=\"\/\/fiestadelasmarias.com\/guia\/wp-content\/plugins\/revslider\/sr6\/assets\/assets\/dummy.png\" alt=\"\" class=\"tp-rs-img rs-lazyload\" width=\"1920\" height=\"944\" data-lazyload=\"\/\/fiestadelasmarias.com\/guia\/wp-content\/uploads\/2018\/06\/logo.png\" data-no-retina> \n\t\t\t\t\t\t\t<\/rs-layer><!--\n-->\t\t\t\t\t<\/rs-slide>\n\t\t\t\t\t<\/rs-slides>\n\t\t\t\t<\/rs-module>\n\t\t\t\t<script>\n\t\t\t\t\tsetREVStartSize({c: 'rev_slider_1_1',rl:[1240,1024,778,480],el:[],gw:[1920],gh:[944],type:'standard',justify:'',layout:'fullwidth',mh:\"0\"});if (window.RS_MODULES!==undefined && window.RS_MODULES.modules!==undefined && window.RS_MODULES.modules[\"revslider11\"]!==undefined) {window.RS_MODULES.modules[\"revslider11\"].once = false;window.revapi1 = undefined;if (window.RS_MODULES.checkMinimal!==undefined) window.RS_MODULES.checkMinimal()}\n\t\t\t\t<\/script>\n\t\t\t<\/rs-module-wrap>\n\t\t\t<!-- END REVOLUTION SLIDER -->\n<\/div>\n\t\t\t\t\t\t<\/div>\n\t\t\t\t<\/div>\n\t\t\t\t\t<\/div>\n\t\t<\/div>\n\t\t\t\t\t<\/div>\n\t\t<\/section>\n\t\t\t\t<section class=\"elementor-section elementor-top-section elementor-element elementor-element-de248aa elementor-section-boxed elementor-section-height-default elementor-section-height-default\" data-id=\"de248aa\" data-element_type=\"section\" data-e-type=\"section\">\n\t\t\t\t\t\t<div class=\"elementor-container elementor-column-gap-no\">\n\t\t\t\t\t<div class=\"elementor-column elementor-col-50 elementor-top-column elementor-element elementor-element-197d263c\" data-id=\"197d263c\" data-element_type=\"column\" data-e-type=\"column\">\n\t\t\t<div class=\"elementor-widget-wrap elementor-element-populated\">\n\t\t\t\t\t\t<div class=\"elementor-element elementor-element-3de7f795 elementor-widget elementor-widget-heading\" data-id=\"3de7f795\" data-element_type=\"widget\" data-e-type=\"widget\" data-widget_type=\"heading.default\">\n\t\t\t\t<div class=\"elementor-widget-container\">\n\t\t\t\t\t<h3 class=\"elementor-heading-title elementor-size-large\">Historia<\/h3>\t\t\t\t<\/div>\n\t\t\t\t<\/div>\n\t\t\t\t<div class=\"elementor-element elementor-element-748a1065 elementor-widget elementor-widget-text-editor\" data-id=\"748a1065\" data-element_type=\"widget\" data-e-type=\"widget\" data-widget_type=\"text-editor.default\">\n\t\t\t\t<div class=\"elementor-widget-container\">\n\t\t\t\t\t\t\t\t\t<p>Hace ya 214 a\u00f1os, pues sucedi\u00f3 en el a\u00f1o 1811, los vecinos de los Altos, del Barranco del Pinar, de Piedra de Molino, de Junquillo y Verdejo, Palmitales, Calabozo y Paso, Caideros de San Jos\u00e9, Saucillo y Lucena, ofrecieron esta fiesta votiva a la Virgen de Santa Mar\u00eda de Gu\u00eda, en franco agradecimiento al milagro patente por haber salvado sus tierras y cosechas del azote de la cigarra que habr\u00eda de hundirlos en la miseria y en la m\u00e1s negra desesperaci\u00f3n.<\/p>\t\t\t\t\t\t\t\t<\/div>\n\t\t\t\t<\/div>\n\t\t\t\t<div class=\"elementor-element elementor-element-31cd2c65 elementor-align-left elementor-mobile-align-center elementor-widget elementor-widget-button\" data-id=\"31cd2c65\" data-element_type=\"widget\" data-e-type=\"widget\" data-widget_type=\"button.default\">\n\t\t\t\t<div class=\"elementor-widget-container\">\n\t\t\t\t\t\t\t\t\t<div class=\"elementor-button-wrapper\">\n\t\t\t\t\t<a class=\"elementor-button elementor-button-link elementor-size-sm\" href=\"http:\/\/perrunchodesarrollo.com\/guia\/historia\/\">\n\t\t\t\t\t\t<span class=\"elementor-button-content-wrapper\">\n\t\t\t\t\t\t\t\t\t<span class=\"elementor-button-text\">Descubrir m\u00e1s<\/span>\n\t\t\t\t\t<\/span>\n\t\t\t\t\t<\/a>\n\t\t\t\t<\/div>\n\t\t\t\t\t\t\t\t<\/div>\n\t\t\t\t<\/div>\n\t\t\t\t\t<\/div>\n\t\t<\/div>\n\t\t\t\t<div class=\"elementor-column elementor-col-50 elementor-top-column elementor-element elementor-element-41acd534\" data-id=\"41acd534\" data-element_type=\"column\" data-e-type=\"column\">\n\t\t\t<div class=\"elementor-widget-wrap elementor-element-populated\">\n\t\t\t\t\t\t<div class=\"elementor-element elementor-element-4fc6cc13 elementor-widget elementor-widget-image\" data-id=\"4fc6cc13\" data-element_type=\"widget\" data-e-type=\"widget\" data-widget_type=\"image.default\">\n\t\t\t\t<div class=\"elementor-widget-container\">\n\t\t\t\t\t\t\t\t\t\t\t\t\t\t\t<img decoding=\"async\" width=\"769\" height=\"533\" src=\"https:\/\/fiestadelasmarias.com\/guia\/wp-content\/uploads\/2018\/06\/foto_historia.jpg\" class=\"attachment-large size-large wp-image-164\" alt=\"\" srcset=\"https:\/\/fiestadelasmarias.com\/guia\/wp-content\/uploads\/2018\/06\/foto_historia.jpg 769w, https:\/\/fiestadelasmarias.com\/guia\/wp-content\/uploads\/2018\/06\/foto_historia-300x208.jpg 300w, https:\/\/fiestadelasmarias.com\/guia\/wp-content\/uploads\/2018\/06\/foto_historia-768x532.jpg 768w\" sizes=\"(max-width: 769px) 100vw, 769px\" \/>\t\t\t\t\t\t\t\t\t\t\t\t\t\t\t<\/div>\n\t\t\t\t<\/div>\n\t\t\t\t\t<\/div>\n\t\t<\/div>\n\t\t\t\t\t<\/div>\n\t\t<\/section>\n\t\t\t\t<section class=\"elementor-section elementor-top-section elementor-element elementor-element-6bedc137 elementor-section-stretched elementor-section-full_width elementor-section-height-default elementor-section-height-default\" data-id=\"6bedc137\" data-element_type=\"section\" data-e-type=\"section\" data-settings=\"{&quot;stretch_section&quot;:&quot;section-stretched&quot;,&quot;background_background&quot;:&quot;classic&quot;}\">\n\t\t\t\t\t\t<div class=\"elementor-container elementor-column-gap-no\">\n\t\t\t\t\t<div class=\"elementor-column elementor-col-100 elementor-top-column elementor-element elementor-element-58a309e\" data-id=\"58a309e\" data-element_type=\"column\" data-e-type=\"column\" data-settings=\"{&quot;background_background&quot;:&quot;classic&quot;}\">\n\t\t\t<div class=\"elementor-widget-wrap elementor-element-populated\">\n\t\t\t\t\t<div class=\"elementor-background-overlay\"><\/div>\n\t\t\t\t\t\t<div class=\"elementor-element elementor-element-8c0e062 elementor-posts--align-left animated-slow elementor-grid-3 elementor-grid-tablet-2 elementor-grid-mobile-1 elementor-posts--thumbnail-top elementor-posts--show-avatar elementor-card-shadow-yes elementor-posts__hover-gradient elementor-invisible elementor-widget elementor-widget-posts\" data-id=\"8c0e062\" data-element_type=\"widget\" data-e-type=\"widget\" data-settings=\"{&quot;cards_row_gap&quot;:{&quot;unit&quot;:&quot;px&quot;,&quot;size&quot;:0,&quot;sizes&quot;:[]},&quot;_animation&quot;:&quot;fadeIn&quot;,&quot;cards_columns&quot;:&quot;3&quot;,&quot;cards_columns_tablet&quot;:&quot;2&quot;,&quot;cards_columns_mobile&quot;:&quot;1&quot;,&quot;cards_row_gap_tablet&quot;:{&quot;unit&quot;:&quot;px&quot;,&quot;size&quot;:&quot;&quot;,&quot;sizes&quot;:[]},&quot;cards_row_gap_mobile&quot;:{&quot;unit&quot;:&quot;px&quot;,&quot;size&quot;:&quot;&quot;,&quot;sizes&quot;:[]}}\" data-widget_type=\"posts.cards\">\n\t\t\t\t<div class=\"elementor-widget-container\">\n\t\t\t\t\t\t\t<div class=\"elementor-posts-container elementor-posts elementor-posts--skin-cards elementor-grid\" role=\"list\">\n\t\t\t\t<article class=\"elementor-post elementor-grid-item post-875 post type-post status-publish format-standard has-post-thumbnail hentry category-sin-categoria resize-featured-image\" role=\"listitem\">\n\t\t\t<div class=\"elementor-post__card\">\n\t\t\t\t<a class=\"elementor-post__thumbnail__link\" href=\"https:\/\/fiestadelasmarias.com\/guia\/agradecimiento-mayordomos-de-las-marias\/\" tabindex=\"-1\" ><div class=\"elementor-post__thumbnail\"><img decoding=\"async\" width=\"293\" height=\"285\" src=\"https:\/\/fiestadelasmarias.com\/guia\/wp-content\/uploads\/2022\/09\/Captura-de-pantalla-2022-09-23-a-las-21.58.11.png\" class=\"attachment-medium size-medium wp-image-763\" alt=\"\" \/><\/div><\/a>\n\t\t\t\t<div class=\"elementor-post__avatar\">\n\t\t\t<img alt='admin perruncho' src='https:\/\/secure.gravatar.com\/avatar\/e801f7141fb4a17ed6a460428e66ec949bba6fd0ed4600969188bbfef0415c99?s=128&#038;d=mm&#038;r=g' srcset='https:\/\/secure.gravatar.com\/avatar\/e801f7141fb4a17ed6a460428e66ec949bba6fd0ed4600969188bbfef0415c99?s=256&#038;d=mm&#038;r=g 2x' class='avatar avatar-128 photo' height='128' width='128' \/>\t\t<\/div>\n\t\t\t\t<div class=\"elementor-post__text\">\n\t\t\t\t<h3 class=\"elementor-post__title\">\n\t\t\t<a href=\"https:\/\/fiestadelasmarias.com\/guia\/agradecimiento-mayordomos-de-las-marias\/\" >\n\t\t\t\tAgradecimiento Mayordomos de Las Marias\t\t\t<\/a>\n\t\t<\/h3>\n\t\t\n\t\t<a class=\"elementor-post__read-more\" href=\"https:\/\/fiestadelasmarias.com\/guia\/agradecimiento-mayordomos-de-las-marias\/\" aria-label=\"M\u00e1s informaci\u00f3n sobre Agradecimiento Mayordomos de Las Marias\" tabindex=\"-1\" >\n\t\t\tLEER\t\t<\/a>\n\n\t\t\t\t<\/div>\n\t\t\t\t\t<\/div>\n\t\t<\/article>\n\t\t\t\t<article class=\"elementor-post elementor-grid-item post-872 post type-post status-publish format-standard has-post-thumbnail hentry category-sin-categoria resize-featured-image\" role=\"listitem\">\n\t\t\t<div class=\"elementor-post__card\">\n\t\t\t\t<a class=\"elementor-post__thumbnail__link\" href=\"https:\/\/fiestadelasmarias.com\/guia\/ganador-sorteo-2025\/\" tabindex=\"-1\" ><div class=\"elementor-post__thumbnail\"><img loading=\"lazy\" decoding=\"async\" width=\"300\" height=\"236\" src=\"https:\/\/fiestadelasmarias.com\/guia\/wp-content\/uploads\/2025\/09\/Captura-de-pantalla-2025-10-08-a-las-11.19.11-300x236.png\" class=\"attachment-medium size-medium wp-image-879\" alt=\"\" srcset=\"https:\/\/fiestadelasmarias.com\/guia\/wp-content\/uploads\/2025\/09\/Captura-de-pantalla-2025-10-08-a-las-11.19.11-300x236.png 300w, https:\/\/fiestadelasmarias.com\/guia\/wp-content\/uploads\/2025\/09\/Captura-de-pantalla-2025-10-08-a-las-11.19.11.png 645w\" sizes=\"(max-width: 300px) 100vw, 300px\" \/><\/div><\/a>\n\t\t\t\t<div class=\"elementor-post__avatar\">\n\t\t\t<img alt='admin perruncho' src='https:\/\/secure.gravatar.com\/avatar\/e801f7141fb4a17ed6a460428e66ec949bba6fd0ed4600969188bbfef0415c99?s=128&#038;d=mm&#038;r=g' srcset='https:\/\/secure.gravatar.com\/avatar\/e801f7141fb4a17ed6a460428e66ec949bba6fd0ed4600969188bbfef0415c99?s=256&#038;d=mm&#038;r=g 2x' class='avatar avatar-128 photo' height='128' width='128' \/>\t\t<\/div>\n\t\t\t\t<div class=\"elementor-post__text\">\n\t\t\t\t<h3 class=\"elementor-post__title\">\n\t\t\t<a href=\"https:\/\/fiestadelasmarias.com\/guia\/ganador-sorteo-2025\/\" >\n\t\t\t\tGanador sorteo 2025\t\t\t<\/a>\n\t\t<\/h3>\n\t\t\n\t\t<a class=\"elementor-post__read-more\" href=\"https:\/\/fiestadelasmarias.com\/guia\/ganador-sorteo-2025\/\" aria-label=\"M\u00e1s informaci\u00f3n sobre Ganador sorteo 2025\" tabindex=\"-1\" >\n\t\t\tLEER\t\t<\/a>\n\n\t\t\t\t<\/div>\n\t\t\t\t\t<\/div>\n\t\t<\/article>\n\t\t\t\t<article class=\"elementor-post elementor-grid-item post-851 post type-post status-publish format-standard has-post-thumbnail hentry category-sin-categoria resize-featured-image\" role=\"listitem\">\n\t\t\t<div class=\"elementor-post__card\">\n\t\t\t\t<a class=\"elementor-post__thumbnail__link\" href=\"https:\/\/fiestadelasmarias.com\/guia\/con-el-fin-de-sufragar-los-costes-de-esta-votiva-fiesta-los-mayordomos-de-las-marias-han-puesto-a-la-venta-botellas-mochilas-camisetas-y-gorras\/\" tabindex=\"-1\" ><div class=\"elementor-post__thumbnail\"><img loading=\"lazy\" decoding=\"async\" width=\"169\" height=\"300\" src=\"https:\/\/fiestadelasmarias.com\/guia\/wp-content\/uploads\/2025\/08\/camisetas-2025-169x300.jpg\" class=\"attachment-medium size-medium wp-image-853\" alt=\"\" srcset=\"https:\/\/fiestadelasmarias.com\/guia\/wp-content\/uploads\/2025\/08\/camisetas-2025-169x300.jpg 169w, https:\/\/fiestadelasmarias.com\/guia\/wp-content\/uploads\/2025\/08\/camisetas-2025-576x1024.jpg 576w, https:\/\/fiestadelasmarias.com\/guia\/wp-content\/uploads\/2025\/08\/camisetas-2025.jpg 720w\" sizes=\"(max-width: 169px) 100vw, 169px\" \/><\/div><\/a>\n\t\t\t\t<div class=\"elementor-post__avatar\">\n\t\t\t<img alt='admin perruncho' src='https:\/\/secure.gravatar.com\/avatar\/e801f7141fb4a17ed6a460428e66ec949bba6fd0ed4600969188bbfef0415c99?s=128&#038;d=mm&#038;r=g' srcset='https:\/\/secure.gravatar.com\/avatar\/e801f7141fb4a17ed6a460428e66ec949bba6fd0ed4600969188bbfef0415c99?s=256&#038;d=mm&#038;r=g 2x' class='avatar avatar-128 photo' height='128' width='128' \/>\t\t<\/div>\n\t\t\t\t<div class=\"elementor-post__text\">\n\t\t\t\t<h3 class=\"elementor-post__title\">\n\t\t\t<a href=\"https:\/\/fiestadelasmarias.com\/guia\/con-el-fin-de-sufragar-los-costes-de-esta-votiva-fiesta-los-mayordomos-de-las-marias-han-puesto-a-la-venta-botellas-mochilas-camisetas-y-gorras\/\" >\n\t\t\t\tCon el fin de sufragar los costes de esta votiva fiesta, los Mayordomos de las Mar\u00edas han puesto a la venta botellas, mochilas, camisetas y gorras.\t\t\t<\/a>\n\t\t<\/h3>\n\t\t\n\t\t<a class=\"elementor-post__read-more\" href=\"https:\/\/fiestadelasmarias.com\/guia\/con-el-fin-de-sufragar-los-costes-de-esta-votiva-fiesta-los-mayordomos-de-las-marias-han-puesto-a-la-venta-botellas-mochilas-camisetas-y-gorras\/\" aria-label=\"M\u00e1s informaci\u00f3n sobre Con el fin de sufragar los costes de esta votiva fiesta, los Mayordomos de las Mar\u00edas han puesto a la venta botellas, mochilas, camisetas y gorras.\" tabindex=\"-1\" >\n\t\t\tLEER\t\t<\/a>\n\n\t\t\t\t<\/div>\n\t\t\t\t\t<\/div>\n\t\t<\/article>\n\t\t\t\t<\/div>\n\t\t\n\t\t\t\t\t\t<\/div>\n\t\t\t\t<\/div>\n\t\t\t\t\t<\/div>\n\t\t<\/div>\n\t\t\t\t\t<\/div>\n\t\t<\/section>\n\t\t\t\t<section class=\"elementor-section elementor-top-section elementor-element elementor-element-1818cdb8 elementor-section-content-middle elementor-section-full_width elementor-section-height-default elementor-section-height-default\" data-id=\"1818cdb8\" data-element_type=\"section\" data-e-type=\"section\">\n\t\t\t\t\t\t<div class=\"elementor-container elementor-column-gap-no\">\n\t\t\t\t\t<div class=\"elementor-column elementor-col-50 elementor-top-column elementor-element elementor-element-285cc16d\" data-id=\"285cc16d\" data-element_type=\"column\" data-e-type=\"column\" data-settings=\"{&quot;background_background&quot;:&quot;classic&quot;}\">\n\t\t\t<div class=\"elementor-widget-wrap elementor-element-populated\">\n\t\t\t\t\t\t<div class=\"elementor-element elementor-element-e546951 elementor-widget elementor-widget-heading\" data-id=\"e546951\" data-element_type=\"widget\" data-e-type=\"widget\" data-widget_type=\"heading.default\">\n\t\t\t\t<div class=\"elementor-widget-container\">\n\t\t\t\t\t<h2 class=\"elementor-heading-title elementor-size-default\">PROGRAMA FIESTA DE LAS MAR\u00cdAS <\/h2>\t\t\t\t<\/div>\n\t\t\t\t<\/div>\n\t\t\t\t<div class=\"elementor-element elementor-element-d3d2c1b elementor-align-center elementor-mobile-align-center elementor-widget elementor-widget-button\" data-id=\"d3d2c1b\" data-element_type=\"widget\" data-e-type=\"widget\" data-widget_type=\"button.default\">\n\t\t\t\t<div class=\"elementor-widget-container\">\n\t\t\t\t\t\t\t\t\t<div class=\"elementor-button-wrapper\">\n\t\t\t\t\t<a class=\"elementor-button elementor-button-link elementor-size-lg\" href=\"https:\/\/fiestadelasmarias.com\/guia\/wp-content\/uploads\/2025\/08\/Las-Mari\u0301as-2025-PROGRAMA_compressed.pdf\" target=\"_blank\">\n\t\t\t\t\t\t<span class=\"elementor-button-content-wrapper\">\n\t\t\t\t\t\t\t\t\t<span class=\"elementor-button-text\">Ver el Programa 2025<\/span>\n\t\t\t\t\t<\/span>\n\t\t\t\t\t<\/a>\n\t\t\t\t<\/div>\n\t\t\t\t\t\t\t\t<\/div>\n\t\t\t\t<\/div>\n\t\t\t\t\t<\/div>\n\t\t<\/div>\n\t\t\t\t<div class=\"elementor-column elementor-col-50 elementor-top-column elementor-element elementor-element-3d9d0ec1\" data-id=\"3d9d0ec1\" data-element_type=\"column\" data-e-type=\"column\" data-settings=\"{&quot;background_background&quot;:&quot;gradient&quot;}\">\n\t\t\t<div class=\"elementor-widget-wrap elementor-element-populated\">\n\t\t\t\t\t\t<div class=\"elementor-element elementor-element-a26c223 elementor-widget elementor-widget-image\" data-id=\"a26c223\" data-element_type=\"widget\" data-e-type=\"widget\" data-widget_type=\"image.default\">\n\t\t\t\t<div class=\"elementor-widget-container\">\n\t\t\t\t\t\t\t\t\t\t\t\t\t\t\t\t<a href=\"https:\/\/fiestadelasmarias.com\/guia\/wp-content\/uploads\/2025\/08\/Las-Mari\u0301as-2025-PROGRAMA_compressed.pdf\">\n\t\t\t\t\t\t\t<img loading=\"lazy\" decoding=\"async\" width=\"2003\" height=\"2003\" src=\"https:\/\/fiestadelasmarias.com\/guia\/wp-content\/uploads\/2025\/08\/CARTEL-42X42CM-Las-Mari\u0301as-2025.jpg\" class=\"attachment-full size-full wp-image-860\" alt=\"\" srcset=\"https:\/\/fiestadelasmarias.com\/guia\/wp-content\/uploads\/2025\/08\/CARTEL-42X42CM-Las-Mari\u0301as-2025.jpg 2003w, https:\/\/fiestadelasmarias.com\/guia\/wp-content\/uploads\/2025\/08\/CARTEL-42X42CM-Las-Mari\u0301as-2025-300x300.jpg 300w, https:\/\/fiestadelasmarias.com\/guia\/wp-content\/uploads\/2025\/08\/CARTEL-42X42CM-Las-Mari\u0301as-2025-1024x1024.jpg 1024w, https:\/\/fiestadelasmarias.com\/guia\/wp-content\/uploads\/2025\/08\/CARTEL-42X42CM-Las-Mari\u0301as-2025-150x150.jpg 150w, https:\/\/fiestadelasmarias.com\/guia\/wp-content\/uploads\/2025\/08\/CARTEL-42X42CM-Las-Mari\u0301as-2025-768x768.jpg 768w, https:\/\/fiestadelasmarias.com\/guia\/wp-content\/uploads\/2025\/08\/CARTEL-42X42CM-Las-Mari\u0301as-2025-1536x1536.jpg 1536w\" sizes=\"(max-width: 2003px) 100vw, 2003px\" \/>\t\t\t\t\t\t\t\t<\/a>\n\t\t\t\t\t\t\t\t\t\t\t\t\t\t\t<\/div>\n\t\t\t\t<\/div>\n\t\t\t\t\t<\/div>\n\t\t<\/div>\n\t\t\t\t\t<\/div>\n\t\t<\/section>\n\t\t\t\t<\/div>\n\t\t","protected":false},"excerpt":{"rendered":"<p>Historia Hace ya 214 a\u00f1os, pues sucedi\u00f3 en el a\u00f1o 1811, los vecinos de los Altos, del Barranco del Pinar, de Piedra de Molino, de Junquillo y Verdejo, Palmitales, Calabozo y Paso, Caideros de San Jos\u00e9, Saucillo y Lucena, ofrecieron esta fiesta votiva a la Virgen de Santa Mar\u00eda de Gu\u00eda, en franco agradecimiento al milagro patente por haber salvado<\/p>\n","protected":false},"author":1,"featured_media":0,"parent":0,"menu_order":0,"comment_status":"closed","ping_status":"closed","template":"","meta":{"generate_page_header":"","footnotes":""},"class_list":["post-2","page","type-page","status-publish","hentry","resize-featured-image"],"_links":{"self":[{"href":"https:\/\/fiestadelasmarias.com\/guia\/wp-json\/wp\/v2\/pages\/2","targetHints":{"allow":["GET"]}}],"collection":[{"href":"https:\/\/fiestadelasmarias.com\/guia\/wp-json\/wp\/v2\/pages"}],"about":[{"href":"https:\/\/fiestadelasmarias.com\/guia\/wp-json\/wp\/v2\/types\/page"}],"author":[{"embeddable":true,"href":"https:\/\/fiestadelasmarias.com\/guia\/wp-json\/wp\/v2\/users\/1"}],"replies":[{"embeddable":true,"href":"https:\/\/fiestadelasmarias.com\/guia\/wp-json\/wp\/v2\/comments?post=2"}],"version-history":[{"count":135,"href":"https:\/\/fiestadelasmarias.com\/guia\/wp-json\/wp\/v2\/pages\/2\/revisions"}],"predecessor-version":[{"id":866,"href":"https:\/\/fiestadelasmarias.com\/guia\/wp-json\/wp\/v2\/pages\/2\/revisions\/866"}],"wp:attachment":[{"href":"https:\/\/fiestadelasmarias.com\/guia\/wp-json\/wp\/v2\/media?parent=2"}],"curies":[{"name":"wp","href":"https:\/\/api.w.org\/{rel}","templated":true}]}}